{"id":749,"date":"2019-09-05T11:10:06","date_gmt":"2019-09-05T09:10:06","guid":{"rendered":"https:\/\/hotellegoelo.com\/business-stopovers\/"},"modified":"2023-01-02T10:15:52","modified_gmt":"2023-01-02T09:15:52","slug":"business-stopovers","status":"publish","type":"page","link":"https:\/\/hotellegoelo.com\/en\/business-stopovers\/","title":{"rendered":"Business Stopovers"},"content":{"rendered":"\n  <div class=\"banner has-hover\" id=\"banner-2124126207\">\n          <div class=\"banner-inner fill\">\n        <div class=\"banner-bg fill\" >\n            <img loading=\"lazy\" decoding=\"async\" width=\"2000\" height=\"1333\" src=\"https:\/\/hotellegoelo.com\/wp-content\/uploads\/2019\/08\/etape-paimpol-region-8061.jpg\" class=\"bg attachment-original size-original\" alt=\"\" \/>                                    \n                    <\/div>\n\t\t\n        <div class=\"banner-layers container\">\n            <div class=\"fill banner-link\"><\/div>            \n   <div id=\"text-box-1796411526\" class=\"text-box banner-layer x50 md-x50 lg-x50 y90 md-y90 lg-y90 res-text\">\n                                <div class=\"text-box-content text dark\">\n              \n              <div class=\"text-inner text-center\">\n                  \n<h1 class=\"uppercase\"><span style=\"font-size: 75%;\">Business Stopovers<\/span><\/h1>\n<p>Business people can come and relax after a hard day\u2019s work or travelling with an inclusive rate here in Paimpol Port.<\/p>\n              <\/div>\n           <\/div>\n                            \n<style>\n#text-box-1796411526 .text-box-content {\n  background-color: rgba(0, 4, 112, 0.523);\n  border-radius: 35px;\n  font-size: 130%;\n}\n#text-box-1796411526 .text-inner {\n  padding: 10px 10px 10px 10px;\n}\n#text-box-1796411526 {\n  width: 60%;\n}\n<\/style>\n    <\/div>\n \n        <\/div>\n      <\/div>\n\n            \n<style>\n#banner-2124126207 {\n  padding-top: 450px;\n}\n#banner-2124126207 .banner-bg img {\n  object-position: 56% 65%;\n}\n<\/style>\n  <\/div>\n\n\n\t<div id=\"gap-1162406918\" class=\"gap-element clearfix\" style=\"display:block; height:auto;\">\n\t\t\n<style>\n#gap-1162406918 {\n  padding-top: 50px;\n}\n<\/style>\n\t<\/div>\n\t\n<div class=\"row row-large align-equal\"  id=\"row-1095091634\">\n\n\t<div id=\"col-46474281\" class=\"col medium-6 small-12 large-6\"  >\n\t\t\t\t<div class=\"col-inner\"  >\n\t\t\t\n\t\t\t\n<h2>Une soir\u00e9e tout compris \u00e0 partir de 95\u20ac<\/h2>\n<div id=\"MEP_bloc318_1\">\n<div>\n<div>\n<div>\n<p>Votre travail vous am\u00e8ne dans le secteur de Paimpol et de l\u2019ouest des C\u00f4tes d\u2019Armor ? <br \/>Pour vos d\u00e9placements professionnels et voyages d\u2019affaires, l\u2019h\u00f4tel Go\u00eblo vous propose une formule soir\u00e9e \u00e9tape \u201ctout compris\u201d \u00e0 95 \u20ac, accessible tout au long de l\u2019ann\u00e9e. Profitez de notre cadre privil\u00e9gi\u00e9 face au port de Paimpol, \u00e0 proximit\u00e9 de tous les services et de la nature exceptionnelle de la baie de Paimpol, \u00e0 prix raisonnable !<\/p>\n<p>Ce tarif comprend : <\/p>\n<ul>\n<li>une nuit en chambre double confort, avec acc\u00e8s wifi s\u00e9curis\u00e9 et TV<\/li>\n<li>le d\u00eener dans un restaurant partenaire \u00e0 c\u00f4t\u00e9 de l\u2019h\u00f4tel (entr\u00e9e + plat ou plat + dessert)<\/li>\n<li>le petit-d\u00e9jeuner avec buffet sucr\u00e9 \/ sal\u00e9 \u00e0 volont\u00e9<\/li>\n<\/ul>\n<p>Horaires de la r\u00e9ception : 07h &#8211; 21h <br \/>Horaires des petits-d\u00e9jeuners : 07h-10h<\/p>\n<\/div>\n<\/div>\n<\/div>\n<\/div>\n<a href=\"https:\/\/hotellegoelo.com\/en\/contact-us\/\" class=\"button secondary\"  style=\"border-radius:99px;\">\n\t\t<span>R\u00e9servation +33 2 96 20 82 74<\/span>\n\t<\/a>\n\n\t\t<\/div>\n\t\t\t\t\t<\/div>\n\n\t\n\n\t<div id=\"col-970571215\" class=\"col medium-6 small-12 large-6\"  >\n\t\t\t\t<div class=\"col-inner\"  >\n\t\t\t\n\t\t\t\n\t<div class=\"img has-hover x md-x lg-x y md-y lg-y\" id=\"image_1691974229\">\n\t\t\t\t\t\t\t\t<div class=\"img-inner image-cover dark\" style=\"padding-top:120%;\">\n\t\t\t<img loading=\"lazy\" decoding=\"async\" width=\"2000\" height=\"1333\" src=\"https:\/\/hotellegoelo.com\/wp-content\/uploads\/2019\/08\/confort-vue-ville-single-ou-double-8001.jpg\" class=\"attachment-original size-original\" alt=\"\" srcset=\"https:\/\/hotellegoelo.com\/wp-content\/uploads\/2019\/08\/confort-vue-ville-single-ou-double-8001.jpg 2000w, https:\/\/hotellegoelo.com\/wp-content\/uploads\/2019\/08\/confort-vue-ville-single-ou-double-8001-300x200.jpg 300w, https:\/\/hotellegoelo.com\/wp-content\/uploads\/2019\/08\/confort-vue-ville-single-ou-double-8001-768x512.jpg 768w, https:\/\/hotellegoelo.com\/wp-content\/uploads\/2019\/08\/confort-vue-ville-single-ou-double-8001-1024x682.jpg 1024w\" sizes=\"auto, (max-width: 2000px) 100vw, 2000px\" \/>\t\t\t\t\t\t\n\t\t\t\t\t<\/div>\n\t\t\t\t\t\t\t\t\n<style>\n#image_1691974229 {\n  width: 100%;\n}\n<\/style>\n\t<\/div>\n\t\n\t\t<\/div>\n\t\t\t\t\t<\/div>\n\n\t\n<\/div>\n\t<div id=\"gap-1282695176\" class=\"gap-element clearfix\" style=\"display:block; height:auto;\">\n\t\t\n<style>\n#gap-1282695176 {\n  padding-top: 50px;\n}\n<\/style>\n\t<\/div>\n\t\n<div class=\"row row-large align-equal\"  id=\"row-1734232505\">\n\n\t<div id=\"col-1151187235\" class=\"col medium-6 small-12 large-6\"  >\n\t\t\t\t<div class=\"col-inner\"  >\n\t\t\t\n\t\t\t\n\t<div class=\"img has-hover x md-x lg-x y md-y lg-y\" id=\"image_229371201\">\n\t\t\t\t\t\t\t\t<div class=\"img-inner image-cover dark\" style=\"padding-top:130%;\">\n\t\t\t<img loading=\"lazy\" decoding=\"async\" width=\"2000\" height=\"1333\" src=\"https:\/\/hotellegoelo.com\/wp-content\/uploads\/2019\/08\/paimpol-petit-dejeuner-7970.jpg\" class=\"attachment-original size-original\" alt=\"\" srcset=\"https:\/\/hotellegoelo.com\/wp-content\/uploads\/2019\/08\/paimpol-petit-dejeuner-7970.jpg 2000w, https:\/\/hotellegoelo.com\/wp-content\/uploads\/2019\/08\/paimpol-petit-dejeuner-7970-300x200.jpg 300w, https:\/\/hotellegoelo.com\/wp-content\/uploads\/2019\/08\/paimpol-petit-dejeuner-7970-768x512.jpg 768w, https:\/\/hotellegoelo.com\/wp-content\/uploads\/2019\/08\/paimpol-petit-dejeuner-7970-1024x682.jpg 1024w\" sizes=\"auto, (max-width: 2000px) 100vw, 2000px\" \/>\t\t\t\t\t\t\n\t\t\t\t\t<\/div>\n\t\t\t\t\t\t\t\t\n<style>\n#image_229371201 {\n  width: 100%;\n}\n<\/style>\n\t<\/div>\n\t\n\t\t<\/div>\n\t\t\t\t\t<\/div>\n\n\t\n\n\t<div id=\"col-1712639207\" class=\"col medium-6 small-12 large-6\"  >\n\t\t\t\t<div class=\"col-inner\"  >\n\t\t\t\n\t\t\t\n<h2>Professionnels en \u00e9tape \u00e0 Paimpol : d\u00e9compressez, on s\u2019occupe de tout !<\/h2>\n<p>Vous \u00eates en d\u00e9placement professionnel, mais cela ne doit pas vous emp\u00eacher de profiter de la douceur de vivre et de l\u2019ambiance du port de Paimpol ! La cit\u00e9 des Islandais offre un formidable terrain de sport en plein air pour s\u2019oxyg\u00e9ner apr\u00e8s une journ\u00e9e de rendez-vous et de r\u00e9unions.<span class=\"Apple-converted-space\"> <\/span><\/p>\n<ul>\n<li><b>Joggeurs et marcheurs<\/b>, nous vous conseillons sur les meilleurs parcours au d\u00e9part de l\u2019h\u00f4tel (on vous pr\u00eate m\u00eame la frontale en hiver !). <span class=\"Apple-converted-space\"> <\/span><\/li>\n<li><b>Amateurs de baignade<\/b>, profitez de la plage de la Tossen, accessible quelque soit la mar\u00e9e.<\/li>\n<li>Pour les amateurs du 7\u00e8me art, le <b>cin\u00e9ma<\/b> d\u2019art et d\u2019essais <a href=\"https:\/\/cinemapaimpol.fr\/\">Cin\u00e9 Breizh<\/a> (10 min \u00e0 pied) propose des s\u00e9ances du jeudi au lundi \u00e0 20h15.<span class=\"Apple-converted-space\"> <\/span><\/li>\n<li>A moins que vous ne pr\u00e9f\u00e9riez tout simplement rester dans <b>le calme et le confort de votre chambre.<\/b> Acc\u00e8s wifi s\u00e9curis\u00e9, t\u00e9l\u00e9vision.<\/li>\n<\/ul>\n<p>Quel que soit votre besoin, n\u2019h\u00e9sitez pas \u00e0 solliciter notre \u00e9quipe, nous avons \u00e0 c\u0153ur de faire de votre \u00e9tape chez nous un vrai moment de d\u00e9tente dans votre agenda professionnel !<\/p>\n\t\t<\/div>\n\t\t\t\t\t<\/div>\n\n\t\n<\/div>\n\t<div id=\"gap-1283225441\" class=\"gap-element clearfix\" style=\"display:block; height:auto;\">\n\t\t\n<style>\n#gap-1283225441 {\n  padding-top: 50px;\n}\n<\/style>\n\t<\/div>\n\t\n<div class=\"row\"  id=\"row-1160186733\">\n\n\t<div id=\"col-595529955\" class=\"col small-12 large-12\"  >\n\t\t\t\t<div class=\"col-inner text-center\"  >\n\t\t\t\n\t\t\t\n<h3 style=\"text-align: center;\"><span style=\"font-size: 130%;\">Pour r\u00e9server votre soir\u00e9e \u00e9tape, merci de nous contacter directement par t\u00e9l\u00e9phone, nous serons <b>\u00e0 l\u2019\u00e9coute de vos besoins !<\/b><\/span><\/h3>\n<a href=\"https:\/\/hotellegoelo.com\/en\/contact-us\/\" class=\"button secondary is-larger\"  style=\"border-radius:99px;\">\n\t\t<span>+33 2 96 20 82 74<\/span>\n\t<\/a>\n\n\t\t<\/div>\n\t\t\t\t\t<\/div>\n\n\t\n<\/div>\n\t<div id=\"gap-1815021896\" class=\"gap-element clearfix\" style=\"display:block; height:auto;\">\n\t\t\n<style>\n#gap-1815021896 {\n  padding-top: 50px;\n}\n<\/style>\n\t<\/div>\n\t\n","protected":false},"excerpt":{"rendered":"","protected":false},"author":5,"featured_media":0,"parent":0,"menu_order":0,"comment_status":"closed","ping_status":"closed","template":"page-transparent-header.php","meta":{"inline_featured_image":false,"footnotes":""},"class_list":["post-749","page","type-page","status-publish","hentry"],"aioseo_notices":[],"_links":{"self":[{"href":"https:\/\/hotellegoelo.com\/en\/wp-json\/wp\/v2\/pages\/749","targetHints":{"allow":["GET"]}}],"collection":[{"href":"https:\/\/hotellegoelo.com\/en\/wp-json\/wp\/v2\/pages"}],"about":[{"href":"https:\/\/hotellegoelo.com\/en\/wp-json\/wp\/v2\/types\/page"}],"author":[{"embeddable":true,"href":"https:\/\/hotellegoelo.com\/en\/wp-json\/wp\/v2\/users\/5"}],"replies":[{"embeddable":true,"href":"https:\/\/hotellegoelo.com\/en\/wp-json\/wp\/v2\/comments?post=749"}],"version-history":[{"count":21,"href":"https:\/\/hotellegoelo.com\/en\/wp-json\/wp\/v2\/pages\/749\/revisions"}],"predecessor-version":[{"id":1460,"href":"https:\/\/hotellegoelo.com\/en\/wp-json\/wp\/v2\/pages\/749\/revisions\/1460"}],"wp:attachment":[{"href":"https:\/\/hotellegoelo.com\/en\/wp-json\/wp\/v2\/media?parent=749"}],"curies":[{"name":"wp","href":"https:\/\/api.w.org\/{rel}","templated":true}]}}