{"id":753,"date":"2019-09-05T11:25:25","date_gmt":"2019-09-05T09:25:25","guid":{"rendered":"https:\/\/hotellegoelo.com\/contact-us\/"},"modified":"2019-09-05T12:25:58","modified_gmt":"2019-09-05T10:25:58","slug":"contact-us","status":"publish","type":"page","link":"https:\/\/hotellegoelo.com\/en\/contact-us\/","title":{"rendered":"Contact us"},"content":{"rendered":"\n\t<section class=\"section dark has-parallax\" id=\"section_6580682\">\n\t\t<div class=\"section-bg fill\" data-parallax-container=\".section\" data-parallax-background data-parallax=\"-5\">\n\t\t\t<img loading=\"lazy\" decoding=\"async\" width=\"2000\" height=\"1333\" src=\"https:\/\/hotellegoelo.com\/wp-content\/uploads\/2019\/08\/paimpol-reception-8028.jpg\" class=\"bg attachment-original size-original\" alt=\"\" \/>\t\t\t\t\t\t\n\t\t\t\n\n\t\t<\/div>\n\n\t\t\n\n\t\t<div class=\"section-content relative\">\n\t\t\t\n<div class=\"row align-bottom align-center\"  id=\"row-882785581\">\n\n\t<div id=\"col-1499751498\" class=\"col small-12 large-12\"  >\n\t\t\t\t<div class=\"col-inner text-center\"  >\n\t\t\t\n\t\t\t\n<h1><span style=\"font-size: 120%;\">INFO &amp; CONTACT DETAILS<\/span><\/h1>\n\t\t<\/div>\n\t\t\t\t\t<\/div>\n\n\t\n<\/div>\n\t\t<\/div>\n\n\t\t\n<style>\n#section_6580682 {\n  padding-top: 208px;\n  padding-bottom: 208px;\n}\n#section_6580682 .section-bg img {\n  object-position: 53% 87%;\n}\n<\/style>\n\t<\/section>\n\t\n<div class=\"row row-collapse row-full-width\"  id=\"row-1100192673\">\n\n\t<div id=\"col-1059408072\" class=\"col small-12 large-12\"  >\n\t\t\t\t<div class=\"col-inner\"  >\n\t\t\t\n\t\t\t\n<p style=\"text-align: center;\"><span style=\"font-size: 130%; color: #082d75;\">Located opposite the harbour in the heart of historic Paimpol,<br \/>\nHotel Le Go\u00eblo is perfectly situated for sailing off \u00cele de Br\u00e9hat,<br \/>\nheading out to explore the GR34 coastal path on foot or by bike, and for trying the various restaurants and bars on offer in the town.<\/span><\/p>\n<p style=\"text-align: center;\"><span style=\"font-size: 130%; color: #082d75;\">By coming to stay with us, you\u2019ll be in a great position to discover and enjoy all the best that Brittany has to offer!<\/span><\/p>\n\t\t<\/div>\n\t\t\t\t\n<style>\n#col-1059408072 > .col-inner {\n  padding: 30px 30px 30px 30px;\n}\n<\/style>\n\t<\/div>\n\n\t\n\n<style>\n#row-1100192673 > .col > .col-inner {\n  padding: 30px 20px 30px 30px;\n  background-color: rgba(7, 45, 117, 0.2);\n}\n<\/style>\n<\/div>\n\t<div id=\"gap-853316117\" class=\"gap-element clearfix\" style=\"display:block; height:auto;\">\n\t\t\n<style>\n#gap-853316117 {\n  padding-top: 50px;\n}\n<\/style>\n\t<\/div>\n\t\n<div class=\"row\"  id=\"row-567583990\">\n\n\t<div id=\"col-964810941\" class=\"col medium-6 small-12 large-6\"  >\n\t\t\t\t<div class=\"col-inner\"  >\n\t\t\t\n\t\t\t\n<div class=\"wpforms-container wpforms-container-full\" id=\"wpforms-765\"><form id=\"wpforms-form-765\" class=\"wpforms-validate wpforms-form\" data-formid=\"765\" method=\"post\" enctype=\"multipart\/form-data\" action=\"\/en\/wp-json\/wp\/v2\/pages\/753\" data-token=\"fc73e6ea62beb51c990377d4fe65417a\" data-token-time=\"1776407696\"><noscript class=\"wpforms-error-noscript\">Please enable JavaScript in your browser to complete this form.<\/noscript><div class=\"wpforms-field-container\"><div id=\"wpforms-765-field_0-container\" class=\"wpforms-field wpforms-field-name\" data-field-id=\"0\"><label class=\"wpforms-field-label\" for=\"wpforms-765-field_0\">Name <span class=\"wpforms-required-label\">*<\/span><\/label><input type=\"text\" id=\"wpforms-765-field_0\" class=\"wpforms-field-medium wpforms-field-required\" name=\"wpforms[fields][0]\" required><\/div><div id=\"wpforms-765-field_1-container\" class=\"wpforms-field wpforms-field-email\" data-field-id=\"1\"><label class=\"wpforms-field-label\" for=\"wpforms-765-field_1\">E-mail <span class=\"wpforms-required-label\">*<\/span><\/label><input type=\"email\" id=\"wpforms-765-field_1\" class=\"wpforms-field-medium wpforms-field-required\" name=\"wpforms[fields][1]\" spellcheck=\"false\" required><\/div><div id=\"wpforms-765-field_6-container\" class=\"wpforms-field wpforms-field-number\" data-field-id=\"6\"><label class=\"wpforms-field-label\" for=\"wpforms-765-field_6\">Telephone <span class=\"wpforms-required-label\">*<\/span><\/label><input type=\"number\" id=\"wpforms-765-field_6\" class=\"wpforms-field-medium wpforms-field-required\" name=\"wpforms[fields][6]\" step=\"any\" required><\/div><div id=\"wpforms-765-field_2-container\" class=\"wpforms-field wpforms-field-radio\" data-field-id=\"2\"><label class=\"wpforms-field-label\">What  would you like to ask about?  <span class=\"wpforms-required-label\">*<\/span><\/label><ul id=\"wpforms-765-field_2\" class=\"wpforms-field-required\"><li class=\"choice-1 depth-1\"><input type=\"radio\" id=\"wpforms-765-field_2_1\" name=\"wpforms[fields][2]\" value=\"Booking a room\" required ><label class=\"wpforms-field-label-inline\" for=\"wpforms-765-field_2_1\">Booking a room<\/label><\/li><li class=\"choice-2 depth-1\"><input type=\"radio\" id=\"wpforms-765-field_2_2\" name=\"wpforms[fields][2]\" value=\"Group bookings\" required ><label class=\"wpforms-field-label-inline\" for=\"wpforms-765-field_2_2\">Group bookings<\/label><\/li><li class=\"choice-3 depth-1\"><input type=\"radio\" id=\"wpforms-765-field_2_3\" name=\"wpforms[fields][2]\" value=\"Business stopovers\" required ><label class=\"wpforms-field-label-inline\" for=\"wpforms-765-field_2_3\">Business stopovers<\/label><\/li><li class=\"choice-4 depth-1\"><input type=\"radio\" id=\"wpforms-765-field_2_4\" name=\"wpforms[fields][2]\" value=\"Other\" required ><label class=\"wpforms-field-label-inline\" for=\"wpforms-765-field_2_4\">Other<\/label><\/li><\/ul><\/div><div id=\"wpforms-765-field_4-container\" class=\"wpforms-field wpforms-field-textarea\" data-field-id=\"4\"><label class=\"wpforms-field-label\" for=\"wpforms-765-field_4\">Message<\/label><textarea id=\"wpforms-765-field_4\" class=\"wpforms-field-medium\" name=\"wpforms[fields][4]\" ><\/textarea><\/div><\/div><!-- .wpforms-field-container --><div class=\"wpforms-field wpforms-field-hp\"><label for=\"wpforms-765-field-hp\" class=\"wpforms-field-label\">Name<\/label><input type=\"text\" name=\"wpforms[hp]\" id=\"wpforms-765-field-hp\" class=\"wpforms-field-medium\"><\/div><div class=\"wpforms-recaptcha-container wpforms-is-recaptcha wpforms-is-recaptcha-type-v3\" ><input type=\"hidden\" name=\"wpforms[recaptcha]\" value=\"\"><\/div><div class=\"wpforms-submit-container\" ><input type=\"hidden\" name=\"wpforms[id]\" value=\"765\"><input type=\"hidden\" name=\"page_title\" value=\"\"><input type=\"hidden\" name=\"page_url\" value=\"https:\/\/hotellegoelo.com\/en\/wp-json\/wp\/v2\/pages\/753\"><input type=\"hidden\" name=\"url_referer\" value=\"\"><button type=\"submit\" name=\"wpforms[submit]\" id=\"wpforms-submit-765\" class=\"wpforms-submit\" data-alt-text=\"sending...\" data-submit-text=\"Send\" aria-live=\"assertive\" value=\"wpforms-submit\">Send<\/button><\/div><\/form><\/div>  <!-- .wpforms-container -->\n\t\t<\/div>\n\t\t\t\t\t<\/div>\n\n\t\n\n\t<div id=\"col-1367917419\" class=\"col medium-6 small-12 large-6\"  >\n\t\t\t\t<div class=\"col-inner\" style=\"background-color:rgba(7, 45, 117, 0.2);\" >\n\t\t\t\n\t\t\t\n\t<div class=\"img has-hover x md-x lg-x y md-y lg-y\" id=\"image_452889997\">\n\t\t<a class=\"image-lightbox lightbox-gallery\" title=\"\" href=\"https:\/\/hotellegoelo.com\/wp-content\/uploads\/2019\/05\/plan-hotel-goelo.png\">\t\t\t\t\t\t<div class=\"img-inner dark\" >\n\t\t\t<img loading=\"lazy\" decoding=\"async\" width=\"1016\" height=\"809\" src=\"https:\/\/hotellegoelo.com\/wp-content\/uploads\/2019\/05\/plan-hotel-goelo.png\" class=\"attachment-original size-original\" alt=\"\" srcset=\"https:\/\/hotellegoelo.com\/wp-content\/uploads\/2019\/05\/plan-hotel-goelo.png 1016w, https:\/\/hotellegoelo.com\/wp-content\/uploads\/2019\/05\/plan-hotel-goelo-300x239.png 300w, https:\/\/hotellegoelo.com\/wp-content\/uploads\/2019\/05\/plan-hotel-goelo-768x612.png 768w\" sizes=\"auto, (max-width: 1016px) 100vw, 1016px\" \/>\t\t\t\t\t\t\n\t\t\t\t\t<\/div>\n\t\t\t\t\t\t<\/a>\t\t\n<style>\n#image_452889997 {\n  width: 100%;\n}\n<\/style>\n\t<\/div>\n\t\n<p style=\"text-align: center;\"><strong><span style=\"color: #082d75;\">4, quai Duguay Trouin<\/span><\/strong><br \/>\n<strong><span style=\"color: #082d75;\">22500 Paimpol \u2013 C\u00f4tes d\u2019armor<\/span><\/strong><\/p>\n<p style=\"text-align: center;\"><strong><span style=\"color: #082d75;\">+33 (0)2 96 20 82 74<\/span><\/strong><br \/>\n<strong><span style=\"color: #082d75;\">contact@hotellegoelo.com<\/span><\/strong><\/p>\n<p style=\"text-align: center;\"><strong><span style=\"color: #082d75;\">The Hotel Reception is open every day from 7am to 9pm<\/span><\/strong><\/p>\n\t\t<\/div>\n\t\t\t\t\n<style>\n#col-1367917419 > .col-inner {\n  padding: 0px 0px 10px 0px;\n}\n<\/style>\n\t<\/div>\n\n\t\n<\/div>\n\t<div id=\"gap-1665014998\" class=\"gap-element clearfix\" style=\"display:block; height:auto;\">\n\t\t\n<style>\n#gap-1665014998 {\n  padding-top: 50px;\n}\n<\/style>\n\t<\/div>\n\t\n<div class=\"row\"  id=\"row-1278635096\">\n\n\t<div id=\"col-1389746050\" class=\"col small-12 large-12\"  >\n\t\t\t\t<div class=\"col-inner\"  >\n\t\t\t\n\t\t\t\n<h1>To get to the hotel:<\/h1>\n\t\t<\/div>\n\t\t\t\t\t<\/div>\n\n\t\n<\/div>\n<div class=\"row row-small\"  id=\"row-588546683\">\n\n\t<div id=\"col-378292734\" class=\"col medium-2 small-6 large-2 col-divided\"  >\n\t\t\t\t<div class=\"col-inner\"  >\n\t\t\t\n\t\t\t\n\t\t<\/div>\n\t\t\t\t\t<\/div>\n\n\t\n\n\t<div id=\"col-576656859\" class=\"col medium-2 small-6 large-2 col-divided\"  >\n\t\t\t\t<div class=\"col-inner\"  >\n\t\t\t\n\t\t\t\n\n\t\t<div class=\"icon-box featured-box icon-box-center text-center\"  >\n\t\t\t\t\t<div class=\"icon-box-img\" style=\"width: 96px\">\n\t\t\t\t<div class=\"icon\">\n\t\t\t\t\t<div class=\"icon-inner\" style=\"color:rgb(0, 18, 91);\">\n\t\t\t\t\t\t<?xml version=\"1.0\"?>\n<svg xmlns=\"http:\/\/www.w3.org\/2000\/svg\" id=\"Layer_1\" data-name=\"Layer 1\" viewBox=\"0 0 512 512\" width=\"512\" height=\"512\"><title>Car2<\/title><path d=\"M99.411,259.805a27,27,0,1,0,27,27A27.028,27.028,0,0,0,99.411,259.805Zm0,40a13,13,0,1,1,13-13A13.013,13.013,0,0,1,99.411,299.8Z\"\/><path d=\"M412.588,259.805a27,27,0,1,0,27,27A27.028,27.028,0,0,0,412.588,259.805Zm0,40a13,13,0,1,1,13-13A13.012,13.012,0,0,1,412.588,299.8Z\"\/><path d=\"M26,215h.009l24.272.043C39.7,223.1,32.892,236.587,32.892,252.123a7.289,7.289,0,0,0,.055.9l11.236,89.086A26.543,26.543,0,0,0,66,367.555v28.528A16.968,16.968,0,0,0,82.728,413h29.3A17.183,17.183,0,0,0,129,396.083V368H383v28.083A17.181,17.181,0,0,0,399.975,413h29.3A16.969,16.969,0,0,0,446,396.083V367.466a26.29,26.29,0,0,0,21.315-25.329l11.752-89.059a7.042,7.042,0,0,0,.05-.918c0-15.351-7.15-28.92-18.014-37l24.9-.009a7,7,0,0,0,6.988-7.337,71.427,71.427,0,0,0-3.439-17.312c-4.095-12.286-17-20.224-32.883-20.224-9.548,0-26.859-.061-34.758-.092L406.3,141.268C395.359,121.651,379.4,99,352.851,99H160.771c-21.633,0-40.833,15.111-54.081,42.311l-16.3,28.946c-7.88-.016-25.393-.015-35.064-.015-15.881,0-28.788,7.955-32.883,20.239A71.432,71.432,0,0,0,19.008,207.8a6.843,6.843,0,0,0,1.927,5.1A6.934,6.934,0,0,0,26,215Zm89,181.083A3.192,3.192,0,0,1,112.023,399H82.728A2.963,2.963,0,0,1,80,396.083V368h35ZM429.271,399h-29.3A3.19,3.19,0,0,1,397,396.083V368h35v28.083A2.965,2.965,0,0,1,429.271,399Zm24.068-58.276a7.352,7.352,0,0,0-.061.949A12.336,12.336,0,0,1,440.983,354H70.514a12.336,12.336,0,0,1-12.295-12.327,7.213,7.213,0,0,0-.056-.894L46.894,251.747c.178-14.688,9.658-29.884,25.5-30.7A7.124,7.124,0,0,0,73.6,221H437.64c.065,0,.128.171.193.171,14.908,0,27.061,13.673,27.271,30.468ZM130.5,207c2.7-15,16.241-27.323,32.5-27.323S192.8,192,195.5,207Zm326.172-22.725c9.6,0,17.478,4.28,19.6,10.651a56.331,56.331,0,0,1,1.673,6.225l-39.224.014-9.2-16.954C438.158,184.241,449.56,184.275,456.671,184.275Zm-337.683-36.3c.071-.127.139-.309.2-.44C125.435,134.658,139.142,113,160.771,113h192.08c15.229,0,27.558,10.426,41.183,34.854L426.134,207H209.645a46.988,46.988,0,0,0-93.29,0H85.589Zm-83.26,46.948c2.123-6.37,10-10.65,19.6-10.65,7.128,0,18.522.018,27.172.034l-9.469,16.779-38.974.05A56.5,56.5,0,0,1,35.728,194.925Z\"\/><path d=\"M163.383,302H348.617a7.291,7.291,0,0,0,6.627-9.561l-6.386-18.6c-4.389-12.9-18.5-22.837-32.136-22.837H194.775c-13.667,0-27.7,9.948-31.939,22.941l-6.107,18.592a7.3,7.3,0,0,0,.988,6.43A7.144,7.144,0,0,0,163.383,302Zm12.761-23.509C178.5,271.292,187.2,265,194.775,265H316.722c7.608,0,16.431,6.3,18.881,13.5l3.24,9.5H173.032Z\"\/><path d=\"M373.063,312H144.607a7,7,0,1,0,0,14H373.063a7,7,0,0,0,0-14Z\"\/><\/svg>\n\t\t\t\t\t<\/div>\n\t\t\t\t<\/div>\n\t\t\t<\/div>\n\t\t\t\t<div class=\"icon-box-text last-reset\">\n\t\t\t\t\t\t\t\t\t\n<h2 style=\"text-align: center;\">By car<\/h2>\n<p style=\"text-align: center;\"><span style=\"font-size: 85%;\">You\u2019ll find several car park places behind the Hotel<br \/>\n<\/span><\/p>\n\t\t<\/div>\n\t<\/div>\n\t\n\t\n\t\t<\/div>\n\t\t\t\t\t<\/div>\n\n\t\n\n\t<div id=\"col-1714967094\" class=\"col medium-2 small-6 large-2 col-divided\"  >\n\t\t\t\t<div class=\"col-inner\"  >\n\t\t\t\n\t\t\t\n\n\t\t<div class=\"icon-box featured-box icon-box-center text-center\"  >\n\t\t\t\t\t<div class=\"icon-box-img\" style=\"width: 96px\">\n\t\t\t\t<div class=\"icon\">\n\t\t\t\t\t<div class=\"icon-inner\" style=\"color:rgb(0, 18, 91);\">\n\t\t\t\t\t\t<?xml version=\"1.0\"?>\n<svg xmlns=\"http:\/\/www.w3.org\/2000\/svg\" id=\"Layer_1\" data-name=\"Layer 1\" viewBox=\"0 0 512 512\" width=\"512\" height=\"512\"><title>MetroTrain <\/title><path d=\"M159.151,332a23.488,23.488,0,1,0,23.488,23.487A23.515,23.515,0,0,0,159.151,332Zm0,32.976a9.488,9.488,0,1,1,9.488-9.489A9.5,9.5,0,0,1,159.151,364.977Z\"\/><path d=\"M352.955,332a23.488,23.488,0,1,0,23.491,23.487A23.514,23.514,0,0,0,352.955,332Zm0,32.976a9.488,9.488,0,1,1,9.491-9.489A9.5,9.5,0,0,1,352.955,364.977Z\"\/><path d=\"M97,232h12V384.566c0,25.9,20.725,47.434,46.625,47.434h27.822l-45.242,60.029a6.877,6.877,0,0,0,5.592,11.029,7.021,7.021,0,0,0,5.6-2.827L160.063,486H352.022l10.689,14.208a7,7,0,0,0,9.8,1.386,6.726,6.726,0,0,0,1.385-9.571L328.568,432h27.914c25.9,0,46.518-21.534,46.518-47.434V232h12a13.224,13.224,0,0,0,13-13.242V193a13.016,13.016,0,0,0-13-13H403V141.955A46.625,46.625,0,0,0,356.482,95H304V63h17.746a7,7,0,0,0,0-14H190.361a7,7,0,0,0,0,14H209V95H155.625A46.716,46.716,0,0,0,109,141.955V180H97a13.016,13.016,0,0,0-13,13v25.757A13.224,13.224,0,0,0,97,232Zm292-73V277H263V159Zm-140,0V277H123V159Zm92.49,313H170.574l30.38-40H311.048Zm14.992-54H155.625C137.444,418,123,402.746,123,384.566V291H389v93.566C389,402.746,374.663,418,356.482,418ZM414,194v24H403V194ZM223,63h67V95H223Zm-67.375,46H356.482A32.609,32.609,0,0,1,389,141.955V145H123v-3.045A32.7,32.7,0,0,1,155.625,109ZM98,194h11v24H98Z\"\/><\/svg>\n\t\t\t\t\t<\/div>\n\t\t\t\t<\/div>\n\t\t\t<\/div>\n\t\t\t\t<div class=\"icon-box-text last-reset\">\n\t\t\t\t\t\t\t\t\t\n<h2 style=\"text-align: center;\">By train<\/h2>\n<p style=\"text-align: center;\"><span style=\"font-size: 85%;\">Paimpol Train Station is only a 5-minute walk from the Hotel<\/span><\/p>\n\t\t<\/div>\n\t<\/div>\n\t\n\t\n\t\t<\/div>\n\t\t\t\t\t<\/div>\n\n\t\n\n\t<div id=\"col-2129480437\" class=\"col medium-2 small-6 large-2 col-divided\"  >\n\t\t\t\t<div class=\"col-inner\"  >\n\t\t\t\n\t\t\t\n\n\t\t<div class=\"icon-box featured-box icon-box-center text-center\"  >\n\t\t\t\t\t<div class=\"icon-box-img\" style=\"width: 96px\">\n\t\t\t\t<div class=\"icon\">\n\t\t\t\t\t<div class=\"icon-inner\" style=\"color:rgb(0, 18, 91);\">\n\t\t\t\t\t\t<?xml version=\"1.0\"?>\n<svg xmlns=\"http:\/\/www.w3.org\/2000\/svg\" viewBox=\"0 0 64 64\" width=\"512\" height=\"512\"><g id=\"outline\"><path d=\"M50,32a11.945,11.945,0,0,0-3.12.426L44.309,23h4.883a1.808,1.808,0,0,1,.438,3.562l-1.873.468.486,1.94,1.873-.469a3.807,3.807,0,0,0-.924-7.5H43a1,1,0,0,0-.965,1.263L43.1,26.175,26.627,29.836,25.3,24.968,29.447,22.9A1,1,0,0,0,30,22V21a1,1,0,0,0-1-1H20.236a2.236,2.236,0,0,0-1,4.235h0l2.423,1.211a2.637,2.637,0,0,0,1.771.265l1.389,5.094L21.38,34.531c-.122-.095-.254-.178-.38-.268V30a1,1,0,0,0-1-1H6a1,1,0,0,0-1,1v1H3v2H5v3.081A11.992,11.992,0,1,0,25.735,46.476l.317.04a3.969,3.969,0,0,0,4.784,3.393L32.1,52.447A1,1,0,0,0,33,53h4V51H33.618l-1-2a3.941,3.941,0,0,0,.755-5.13L44.648,31.838l.346,1.27A11.975,11.975,0,1,0,50,32ZM23.448,23.658a1,1,0,0,1-.895,0l-2.422-1.21A.236.236,0,0,1,20.236,22h6.528Zm-3.713,22.07A6.007,6.007,0,0,1,8.672,46.8,4.937,4.937,0,0,0,10,47h6a4.964,4.964,0,0,0,3.356-1.319ZM7,31H19V42a3,3,0,0,1-3,3H10a3,3,0,0,1-3-3Zm7,23A9.991,9.991,0,0,1,5,39.652V42a4.948,4.948,0,0,0,1.086,3.073,7.986,7.986,0,0,0,15.657.905l2,.25A9.99,9.99,0,0,1,14,54Zm9.984-9.758L22,44a7.911,7.911,0,0,0-1-3.833V37.891l.482-.522A10,10,0,0,1,24,44C24,44.082,23.986,44.162,23.984,44.242Zm2.3.288-.32-.04c.007-.164.032-.324.032-.49a11.994,11.994,0,0,0-3.16-8.1l2.6-2.815,2.58,9.462A4,4,0,0,0,26.288,44.53Zm5.38,2.569L30.9,45.553l-1.79.894.771,1.54a1.994,1.994,0,1,1,1.792-.888Zm2.648-7.165L32.661,38.3l.941-.962,1.724,1.519ZM36.694,37.4,35,35.906l1.8-1.843,1.523,1.591Zm3-3.2-2.164-2.261a1,1,0,0,0-.717-.309h-.006a1,1,0,0,0-.714.3l-5.563,5.687a1,1,0,0,0,.012,1.411l2.4,2.372L31.91,42.507A3.952,3.952,0,0,0,30,42c-.019,0-.036.005-.055.006L27.154,31.768,43.63,28.107l.4,1.466Zm7.2,4.676,2.148,6.445,1.9-.632L48.763,38.13a6.036,6.036,0,1,1-1.86.741ZM50,54a9.992,9.992,0,0,1-4.38-18.976l.637,1.91a8.21,8.21,0,1,0,1.873-.7l-.634-1.9A10,10,0,1,1,50,54Z\"\/><rect x=\"10\" y=\"35\" width=\"6\" height=\"2\"\/><\/g><\/svg>\n\t\t\t\t\t<\/div>\n\t\t\t\t<\/div>\n\t\t\t<\/div>\n\t\t\t\t<div class=\"icon-box-text last-reset\">\n\t\t\t\t\t\t\t\t\t\n<h2 style=\"text-align: center;\">By bike<\/h2>\n<p style=\"text-align: center;\"><span style=\"font-size: 85%;\">if you\u2019d like to cycle here, we can offer a secure place in which to leave your bike<\/span><\/p>\n\t\t<\/div>\n\t<\/div>\n\t\n\t\n\t\t<\/div>\n\t\t\t\t\t<\/div>\n\n\t\n\n\t<div id=\"col-2102635778\" class=\"col medium-2 small-6 large-2 col-divided\"  >\n\t\t\t\t<div class=\"col-inner\"  >\n\t\t\t\n\t\t\t\n\n\t\t<div class=\"icon-box featured-box icon-box-center text-center\"  >\n\t\t\t\t\t<div class=\"icon-box-img\" style=\"width: 96px\">\n\t\t\t\t<div class=\"icon\">\n\t\t\t\t\t<div class=\"icon-inner\" style=\"color:rgb(0, 18, 91);\">\n\t\t\t\t\t\t<?xml version=\"1.0\" encoding=\"iso-8859-1\"?>\r\n<!-- Generator: Adobe Illustrator 19.0.0, SVG Export Plug-In . SVG Version: 6.00 Build 0)  -->\r\n<svg version=\"1.1\" id=\"Capa_1\" xmlns=\"http:\/\/www.w3.org\/2000\/svg\" xmlns:xlink=\"http:\/\/www.w3.org\/1999\/xlink\" x=\"0px\" y=\"0px\"\r\n\t viewBox=\"0 0 464.007 464.007\" style=\"enable-background:new 0 0 464.007 464.007;\" xml:space=\"preserve\">\r\n<g>\r\n\t<g>\r\n\t\t<path d=\"M196.141,6.479l-12.88-5.776c-4.031-1.809-8.765-0.007-10.574,4.024c-0.796,1.773-0.919,3.775-0.346,5.632l26.264,85.344\r\n\t\t\tc23.783,77.53,19.938,160.908-10.88,235.92l-7.136,17.336c-1.683,4.085,0.264,8.761,4.349,10.445\r\n\t\t\tc0.968,0.399,2.005,0.604,3.051,0.603c0.562,0.001,1.122-0.058,1.672-0.176l17.832-3.824\r\n\t\t\tc60.887-12.956,123.869-12.46,184.544,1.456l10.152,2.344c4.304,0.996,8.602-1.685,9.598-5.99\r\n\t\t\tc0.117-0.508,0.185-1.025,0.202-1.546C417.302,203.771,331.884,66.93,196.141,6.479z M204.165,340.359l-2.968,0.64l1.352-3.28\r\n\t\t\tc32.223-78.447,36.241-165.642,11.368-246.72l-21.088-68.448c124.815,57.1,204.445,182.191,203.352,319.442l-0.52-0.13\r\n\t\t\tC332.697,327.445,267.347,326.931,204.165,340.359z\"\/>\r\n\t<\/g>\r\n<\/g>\r\n<g>\r\n\t<g>\r\n\t\t<path d=\"M163.797,43.543l-8.864-15.536c-2.193-3.836-7.08-5.167-10.916-2.974c-1.987,1.136-3.392,3.069-3.86,5.31l-15.6,74.88\r\n\t\t\tc-16.063,77.086-42.019,151.774-77.224,222.208l-10.504,21c-1.976,3.952-0.373,8.757,3.579,10.733\r\n\t\t\tc2.106,1.053,4.569,1.124,6.733,0.195c33.762-14.392,71.934-14.392,105.696,0c3.72,1.593,8.044,0.158,10.072-3.344\r\n\t\t\tC218.607,259.388,218.945,140.485,163.797,43.543z M152.461,341.983c-29.646-10.976-61.986-12.381-92.472-4.016l1.656-3.408\r\n\t\t\tc35.817-71.659,62.228-147.646,78.576-226.072l11.288-54.152C201.069,143.727,201.428,252.265,152.461,341.983z\"\/>\r\n\t<\/g>\r\n<\/g>\r\n<g>\r\n\t<g>\r\n\t\t<path d=\"M440.354,361.284c-1.301-0.839-2.817-1.283-4.365-1.277h-92.88c-29.259,0.009-58.423,3.329-86.936,9.896l-20,4.608\r\n\t\t\tc-27.32,6.304-55.266,9.49-83.304,9.496H27.989c-4.418,0-8,3.582-8,8c0,1.499,0.421,2.969,1.216,4.24l28.248,45.2\r\n\t\t\tc8.733,14.075,24.14,22.614,40.704,22.56h259.088c21.89,0.066,42.281-11.111,54-29.6l39.496-62.064\r\n\t\t\tC445.135,368.63,444.067,363.679,440.354,361.284z M389.741,425.783c-8.782,13.875-24.075,22.268-40.496,22.224H90.157\r\n\t\t\tc-11.042,0.034-21.313-5.658-27.136-15.04l-20.632-32.96h110.48c29.259-0.009,58.423-3.329,86.936-9.896l20-4.608\r\n\t\t\tc27.32-6.304,55.266-9.49,83.304-9.496h78.304L389.741,425.783z\"\/>\r\n\t<\/g>\r\n<\/g>\r\n<g>\r\n<\/g>\r\n<g>\r\n<\/g>\r\n<g>\r\n<\/g>\r\n<g>\r\n<\/g>\r\n<g>\r\n<\/g>\r\n<g>\r\n<\/g>\r\n<g>\r\n<\/g>\r\n<g>\r\n<\/g>\r\n<g>\r\n<\/g>\r\n<g>\r\n<\/g>\r\n<g>\r\n<\/g>\r\n<g>\r\n<\/g>\r\n<g>\r\n<\/g>\r\n<g>\r\n<\/g>\r\n<g>\r\n<\/g>\r\n<\/svg>\r\n\t\t\t\t\t<\/div>\n\t\t\t\t<\/div>\n\t\t\t<\/div>\n\t\t\t\t<div class=\"icon-box-text last-reset\">\n\t\t\t\t\t\t\t\t\t\n<h2 style=\"text-align: center;\">By boat<\/h2>\n<p style=\"text-align: center;\"><span style=\"font-size: 85%;\">You simply need to moor up in Paimpol Port &#8211; we\u2019re right in front of you!<br \/>\n<\/span><\/p>\n\t\t<\/div>\n\t<\/div>\n\t\n\t\n\t\t<\/div>\n\t\t\t\t\t<\/div>\n\n\t\n\n\t<div id=\"col-216033200\" class=\"col medium-2 small-6 large-2 col-divided\"  >\n\t\t\t\t<div class=\"col-inner\"  >\n\t\t\t\n\t\t\t\n\n\t\t<div class=\"icon-box featured-box icon-box-center text-center\"  >\n\t\t\t\t\t<div class=\"icon-box-img\" style=\"width: 96px\">\n\t\t\t\t<div class=\"icon\">\n\t\t\t\t\t<div class=\"icon-inner\" style=\"color:rgb(0, 18, 91);\">\n\t\t\t\t\t\t<?xml version=\"1.0\" encoding=\"iso-8859-1\"?>\r\n<!-- Generator: Adobe Illustrator 18.0.0, SVG Export Plug-In . SVG Version: 6.00 Build 0)  -->\r\n<!DOCTYPE svg PUBLIC \"-\/\/W3C\/\/DTD SVG 1.1\/\/EN\" \"http:\/\/www.w3.org\/Graphics\/SVG\/1.1\/DTD\/svg11.dtd\">\r\n<svg version=\"1.1\" id=\"Capa_1\" xmlns=\"http:\/\/www.w3.org\/2000\/svg\" xmlns:xlink=\"http:\/\/www.w3.org\/1999\/xlink\" x=\"0px\" y=\"0px\"\r\n\t viewBox=\"0 0 254.371 254.371\" style=\"enable-background:new 0 0 254.371 254.371;\" xml:space=\"preserve\">\r\n<g>\r\n\t<path d=\"M141.062,57.667c1.671,0.293,3.372,0.442,5.056,0.442c14.11,0,26.133-10.102,28.588-24.02\r\n\t\tc1.347-7.642-0.36-15.349-4.809-21.703c-4.449-6.356-11.11-10.597-18.753-11.941C149.47,0.149,147.766,0,146.077,0\r\n\t\tc-14.112,0-26.132,10.098-28.58,24.007c-1.351,7.643,0.358,15.354,4.81,21.712C126.758,52.073,133.416,56.316,141.062,57.667z\r\n\t\t M127.293,25.733c1.61-9.147,9.51-15.787,18.785-15.787c1.112,0,2.236,0.099,3.342,0.294c5.026,0.884,9.404,3.672,12.33,7.85\r\n\t\tc2.925,4.178,4.048,9.246,3.162,14.271c-1.615,9.156-9.518,15.801-18.793,15.801c-1.11,0-2.232-0.098-3.332-0.291\r\n\t\tc-5.025-0.887-9.404-3.678-12.332-7.858C127.527,35.833,126.404,30.762,127.293,25.733z\"\/>\r\n\t<path d=\"M123.807,164.418c-1.195-2.473-4.169-3.509-6.642-2.314c-2.473,1.195-3.509,4.169-2.314,6.641l40.025,82.816\r\n\t\tc0.858,1.776,2.633,2.81,4.481,2.81c0.726,0,1.463-0.16,2.161-0.497c2.473-1.195,3.508-4.169,2.313-6.642L123.807,164.418z\"\/>\r\n\t<path d=\"M125.072,78.556l7.129,1.259l-7.494,42.51c-0.477,2.705,1.329,5.284,4.034,5.762l47.31,8.347\r\n\t\tc0.292,0.052,0.583,0.076,0.87,0.076c2.367,0,4.466-1.697,4.892-4.11c0.477-2.705-1.329-5.284-4.034-5.762l-42.413-7.483\r\n\t\tl7.494-42.51c0.477-2.705-1.329-5.283-4.033-5.761l0,0l0,0c-0.001,0-0.001-0.001-0.002-0.001h-0.002l-12.025-2.124\r\n\t\tc-15.356-2.702-30.05,7.584-32.756,22.929l-9.094,51.591c-1.577,8.947,1.254,17.996,7.461,24.474l-38.409,79.477\r\n\t\tc-1.195,2.473-0.159,5.447,2.314,6.642c0.698,0.337,1.434,0.497,2.161,0.497c1.848,0,3.623-1.035,4.481-2.81l39.988-82.745h-0.001\r\n\t\tc1.045-2.072,0.522-4.661-1.374-6.148c-5.386-4.224-8.001-10.991-6.826-17.661l9.095-51.59\r\n\t\tC105.592,83.471,115.119,76.804,125.072,78.556z\"\/>\r\n\t<path d=\"M207.524,90.26c-2.705-0.477-5.284,1.329-5.761,4.034l-27.194,154.239c-0.477,2.705,1.329,5.284,4.034,5.761\r\n\t\tc0.292,0.051,0.582,0.076,0.869,0.076c2.368,0,4.467-1.697,4.892-4.11l27.194-154.239C212.035,93.316,210.229,90.736,207.524,90.26\r\n\t\tz\"\/>\r\n\t<path d=\"M74.554,147.427c1.013,0,2.011-0.31,2.853-0.899c1.08-0.757,1.816-1.911,2.045-3.211l11.426-64.833\r\n\t\tc0.476-2.704-1.329-5.283-4.033-5.76l-26.835-4.74c-1.299-0.23-2.636,0.066-3.717,0.823c-1.081,0.757-1.817,1.911-2.046,3.211\r\n\t\tl-11.436,64.839c-0.229,1.299,0.067,2.636,0.824,3.716c0.757,1.081,1.911,1.817,3.21,2.046l26.845,4.734\r\n\t\tC73.978,147.402,74.266,147.427,74.554,147.427z M53.472,133.687l9.707-55.043l17.04,3.01l-9.7,55.039L53.472,133.687z\"\/>\r\n<\/g>\r\n<g>\r\n<\/g>\r\n<g>\r\n<\/g>\r\n<g>\r\n<\/g>\r\n<g>\r\n<\/g>\r\n<g>\r\n<\/g>\r\n<g>\r\n<\/g>\r\n<g>\r\n<\/g>\r\n<g>\r\n<\/g>\r\n<g>\r\n<\/g>\r\n<g>\r\n<\/g>\r\n<g>\r\n<\/g>\r\n<g>\r\n<\/g>\r\n<g>\r\n<\/g>\r\n<g>\r\n<\/g>\r\n<g>\r\n<\/g>\r\n<\/svg>\r\n\t\t\t\t\t<\/div>\n\t\t\t\t<\/div>\n\t\t\t<\/div>\n\t\t\t\t<div class=\"icon-box-text last-reset\">\n\t\t\t\t\t\t\t\t\t\n<h2 style=\"text-align: center;\">On foot<\/h2>\n<p style=\"text-align: center;\"><span style=\"font-size: 85%;\"> If you\u2019re enjoying a walking holiday, you\u2019ll find the Hotel on the GR34 coastal path<br \/>\n<\/span><\/p>\n\t\t<\/div>\n\t<\/div>\n\t\n\t\n\t\t<\/div>\n\t\t\t\t\t<\/div>\n\n\t\n<\/div>\n\t<div id=\"gap-1966060807\" class=\"gap-element clearfix\" style=\"display:block; height:auto;\">\n\t\t\n<style>\n#gap-1966060807 {\n  padding-top: 50px;\n}\n<\/style>\n\t<\/div>\n\t\n","protected":false},"excerpt":{"rendered":"","protected":false},"author":5,"featured_media":0,"parent":0,"menu_order":0,"comment_status":"closed","ping_status":"closed","template":"page-transparent-header.php","meta":{"inline_featured_image":false,"footnotes":""},"class_list":["post-753","page","type-page","status-publish","hentry"],"aioseo_notices":[],"_links":{"self":[{"href":"https:\/\/hotellegoelo.com\/en\/wp-json\/wp\/v2\/pages\/753","targetHints":{"allow":["GET"]}}],"collection":[{"href":"https:\/\/hotellegoelo.com\/en\/wp-json\/wp\/v2\/pages"}],"about":[{"href":"https:\/\/hotellegoelo.com\/en\/wp-json\/wp\/v2\/types\/page"}],"author":[{"embeddable":true,"href":"https:\/\/hotellegoelo.com\/en\/wp-json\/wp\/v2\/users\/5"}],"replies":[{"embeddable":true,"href":"https:\/\/hotellegoelo.com\/en\/wp-json\/wp\/v2\/comments?post=753"}],"version-history":[{"count":2,"href":"https:\/\/hotellegoelo.com\/en\/wp-json\/wp\/v2\/pages\/753\/revisions"}],"predecessor-version":[{"id":766,"href":"https:\/\/hotellegoelo.com\/en\/wp-json\/wp\/v2\/pages\/753\/revisions\/766"}],"wp:attachment":[{"href":"https:\/\/hotellegoelo.com\/en\/wp-json\/wp\/v2\/media?parent=753"}],"curies":[{"name":"wp","href":"https:\/\/api.w.org\/{rel}","templated":true}]}}